{"id":212,"date":"2017-09-21T16:48:27","date_gmt":"2017-09-21T14:48:27","guid":{"rendered":"http:\/\/wpoffice\/enfold-split\/?page_id=212"},"modified":"2026-04-09T15:43:07","modified_gmt":"2026-04-09T15:43:07","slug":"home","status":"publish","type":"page","link":"https:\/\/renata-aura.fr\/","title":{"rendered":"Home"},"content":{"rendered":"<div id='welcome'  class='av-layout-grid-container av-bt4mzg-4e5c0afa6eb2dac13d2bde1b0dd8a2c7 entry-content-wrapper main_color av-flex-cells  avia-builder-el-0  el_before_av_layout_row  avia-builder-el-first  av-cell-min-height av-cell-min-height-100  container_wrap fullsize'   data-av_minimum_height_pc='100'>\n\n<style type=\"text\/css\" data-created_by=\"avia_inline_auto\" id=\"style-css-av-bqa898-8b61c57e1d210c857830afb6293a047e\">\n.flex_cell.av-bqa898-8b61c57e1d210c857830afb6293a047e{\nvertical-align:middle;\nbackground:url(https:\/\/renata-aura.fr\/wp-content\/uploads\/2026\/04\/DSC08456-3-683x1024.jpg) 50% 50% no-repeat scroll ;\n}\n.responsive #top #wrap_all .flex_cell.av-bqa898-8b61c57e1d210c857830afb6293a047e{\npadding:200px 0px 200px 0px !important;\n}\n<\/style>\n<div class='flex_cell av-bqa898-8b61c57e1d210c857830afb6293a047e av-gridrow-cell av_one_half no_margin  avia-builder-el-1  el_before_av_cell_one_half  avia-builder-el-first  content-align-middle avia-full-stretch'  ><div class='flex_cell_inner'><\/div><\/div>\n<style type=\"text\/css\" data-created_by=\"avia_inline_auto\" id=\"style-css-av-bgeo3o-5d15b78f348790598f40f8f50e9da48c\">\n.flex_cell.av-bgeo3o-5d15b78f348790598f40f8f50e9da48c{\nvertical-align:middle;\n}\n.responsive #top #wrap_all .flex_cell.av-bgeo3o-5d15b78f348790598f40f8f50e9da48c{\npadding:100px 100px 100px 100px !important;\n}\n<\/style>\n<div class='flex_cell av-bgeo3o-5d15b78f348790598f40f8f50e9da48c av-gridrow-cell av_one_half no_margin  avia-builder-el-2  el_after_av_cell_one_half  avia-builder-el-last  content-align-middle avia-full-stretch'  ><div class='flex_cell_inner'><p>\n<style type=\"text\/css\" data-created_by=\"avia_inline_auto\" id=\"style-css-av-14k1w4-9abb6afb36f17a5f17e9f4f94669f865\">\n#top .av-special-heading.av-14k1w4-9abb6afb36f17a5f17e9f4f94669f865{\npadding-bottom:0;\ncolor:#dca993;\nfont-size:60px;\n}\nbody .av-special-heading.av-14k1w4-9abb6afb36f17a5f17e9f4f94669f865 .av-special-heading-tag .heading-char{\nfont-size:25px;\n}\n#top #wrap_all .av-special-heading.av-14k1w4-9abb6afb36f17a5f17e9f4f94669f865 .av-special-heading-tag{\nfont-size:60px;\n}\n.av-special-heading.av-14k1w4-9abb6afb36f17a5f17e9f4f94669f865 .special-heading-inner-border{\nborder-color:#dca993;\n}\n.av-special-heading.av-14k1w4-9abb6afb36f17a5f17e9f4f94669f865 .av-subheading{\nfont-size:15px;\n}\n\n@media only screen and (min-width: 480px) and (max-width: 767px){ \n#top #wrap_all .av-special-heading.av-14k1w4-9abb6afb36f17a5f17e9f4f94669f865 .av-special-heading-tag{\nfont-size:0.8em;\n}\n}\n\n@media only screen and (max-width: 479px){ \n#top #wrap_all .av-special-heading.av-14k1w4-9abb6afb36f17a5f17e9f4f94669f865 .av-special-heading-tag{\nfont-size:0.8em;\n}\n}\n<\/style>\n<div  class='av-special-heading av-14k1w4-9abb6afb36f17a5f17e9f4f94669f865 av-special-heading-h1 custom-color-heading blockquote modern-quote  avia-builder-el-3  el_before_av_textblock  avia-builder-el-first  av-inherit-size'><h1 class='av-special-heading-tag '  itemprop=\"headline\"  >Renata Aura<\/h1><div class=\"special-heading-border\"><div class=\"special-heading-inner-border\"><\/div><\/div><\/div><br \/>\n\n<style type=\"text\/css\" data-created_by=\"avia_inline_auto\" id=\"style-css-av-b2f5k4-93a00fa42b551ac487aa15394571a13d\">\n#top .av_textblock_section.av-b2f5k4-93a00fa42b551ac487aa15394571a13d .avia_textblock{\nfont-size:25px;\ncolor:#000000;\n}\n<\/style>\n<section  class='av_textblock_section av-b2f5k4-93a00fa42b551ac487aa15394571a13d '   itemscope=\"itemscope\" itemtype=\"https:\/\/schema.org\/CreativeWork\" ><div class='avia_textblock av_inherit_color'  itemprop=\"text\" ><p>Aur\u00e9lia, Praticienne drainage lymphatique <a class=\"x1i10hfl xjbqb8w x1ejq31n x18oe1m7 x1sy0etr xstzfhl x972fbf x10w94by x1qhh985 x14e42zd x9f619 x1ypdohk xt0psk2 x3ct3a4 xdj266r x14z9mp xat24cr x1lziwak xexx8yu xyri2b x18d9i69 x1c1uobl x16tdsg8 x1hl2dhg xggy1nq x1a2a7pz notranslate _a6hd\" tabindex=\"0\" role=\"link\" href=\"https:\/\/www.instagram.com\/renatafrancaa\/\">@renatafrancaa<\/a><br \/>\nBien-\u00eatre \u2022 L\u00e9g\u00e8ret\u00e9 \u2022 Apaisement<br \/>\nSoins \u00e0 domicile<br \/>\n\ud83d\udccdChalon-sur-Sa\u00f4ne &#038; alentours<br \/>\n\ud83d\udce9 R\u00e9servation par mail<\/p>\n<\/div><\/section><br \/>\n<div  class='hr av-av_hr-bca31578670ae9d408d6d6d291fc57a6 hr-default  avia-builder-el-5  el_after_av_textblock  el_before_av_textblock '><span class='hr-inner '><span class=\"hr-inner-style\"><\/span><\/span><\/div><br \/>\n\n<style type=\"text\/css\" data-created_by=\"avia_inline_auto\" id=\"style-css-av-mnrmeywj-5358fbc905296fdf9c44c89f0b16f941\">\n#top .av_textblock_section.av-mnrmeywj-5358fbc905296fdf9c44c89f0b16f941 .avia_textblock{\nfont-size:25px;\ncolor:#000000;\n}\n<\/style>\n<section  class='av_textblock_section av-mnrmeywj-5358fbc905296fdf9c44c89f0b16f941 '   itemscope=\"itemscope\" itemtype=\"https:\/\/schema.org\/CreativeWork\" ><div class='avia_textblock av_inherit_color'  itemprop=\"text\" ><p>Je vous propose des drainages lymphatiques m\u00e9thode Renata Fran\u00e7a \u00e0 votre domicile, pour une exp\u00e9rience exclusive, dans le confort et l\u2019intimit\u00e9 de votre cocon.<\/p>\n<p>Un soin signature.<br \/>\nUn corps all\u00e9g\u00e9, redessin\u00e9.<br \/>\nUne sensation imm\u00e9diate de l\u00e9g\u00e8ret\u00e9 et de bien-\u00eatre.<\/p>\n<p>Chaque s\u00e9ance est pens\u00e9e comme un moment privil\u00e9gi\u00e9, raffin\u00e9, enti\u00e8rement d\u00e9di\u00e9 \u00e0 vous.<\/p>\n<\/div><\/section><br \/>\n<div  class='avia-button-wrap av-mnrmfky9-3cc79ac6a6880435d5c8f478a9111c29-wrap avia-button-center  avia-builder-el-7  el_after_av_textblock  el_before_av_hr '><a href=''  class='avia-button av-mnrmfky9-3cc79ac6a6880435d5c8f478a9111c29 av-link-btn avia-icon_select-yes-left-icon avia-size-small avia-position-center avia-color-theme-color'   aria-label=\"R\u00e9server\"><span class='avia_button_icon avia_button_icon_left avia-iconfont avia-font-entypo-fontello-enfold' data-av_icon='\ue83b' data-av_iconfont='entypo-fontello-enfold' ><\/span><span class='avia_iconbox_title' >R\u00e9server<\/span><\/a><\/div><br \/>\n<div  class='hr av-av_hr-bca31578670ae9d408d6d6d291fc57a6 hr-default  avia-builder-el-8  el_after_av_button  avia-builder-el-last '><span class='hr-inner '><span class=\"hr-inner-style\"><\/span><\/span><\/div><\/p>\n<\/div><\/div><\/div><div id='about'  class='av-layout-grid-container av-4wh2t8-a42c0634297ff47965a0df285169df8e entry-content-wrapper main_color av-flex-cells  avia-builder-el-9  el_after_av_layout_row  el_before_av_layout_row  av-cell-min-height av-cell-min-height-100 grid-row-not-first  container_wrap fullsize'   data-av_minimum_height_pc='100'>\n\n<style type=\"text\/css\" data-created_by=\"avia_inline_auto\" id=\"style-css-av-4qbdbw-d6d2ebc32b9a3040345c24e86339fc95\">\n.flex_cell.av-4qbdbw-d6d2ebc32b9a3040345c24e86339fc95{\nvertical-align:middle;\nbackground-color:#d3c3bc;\n}\n.responsive #top #wrap_all .flex_cell.av-4qbdbw-d6d2ebc32b9a3040345c24e86339fc95{\npadding:100px 100px 100px 100px !important;\n}\n<\/style>\n<div class='flex_cell av-4qbdbw-d6d2ebc32b9a3040345c24e86339fc95 av-gridrow-cell av_one_half no_margin  avia-builder-el-10  el_before_av_cell_one_half  avia-builder-el-first  content-align-middle avia-full-contain'  ><div class='flex_cell_inner'><p>\n<style type=\"text\/css\" data-created_by=\"avia_inline_auto\" id=\"style-css-av-4hfbq4-3695f85f5efbff78cb7d6c159d4d85cc\">\n#top .av-special-heading.av-4hfbq4-3695f85f5efbff78cb7d6c159d4d85cc{\npadding-bottom:0;\ncolor:#ffffff;\nfont-size:60px;\n}\nbody .av-special-heading.av-4hfbq4-3695f85f5efbff78cb7d6c159d4d85cc .av-special-heading-tag .heading-char{\nfont-size:25px;\n}\n#top #wrap_all .av-special-heading.av-4hfbq4-3695f85f5efbff78cb7d6c159d4d85cc .av-special-heading-tag{\nfont-size:60px;\n}\n.av-special-heading.av-4hfbq4-3695f85f5efbff78cb7d6c159d4d85cc .special-heading-inner-border{\nborder-color:#ffffff;\n}\n.av-special-heading.av-4hfbq4-3695f85f5efbff78cb7d6c159d4d85cc .av-subheading{\nfont-size:15px;\n}\n\n@media only screen and (min-width: 480px) and (max-width: 767px){ \n#top #wrap_all .av-special-heading.av-4hfbq4-3695f85f5efbff78cb7d6c159d4d85cc .av-special-heading-tag{\nfont-size:0.8em;\n}\n}\n\n@media only screen and (max-width: 479px){ \n#top #wrap_all .av-special-heading.av-4hfbq4-3695f85f5efbff78cb7d6c159d4d85cc .av-special-heading-tag{\nfont-size:0.8em;\n}\n}\n<\/style>\n<div  class='av-special-heading av-4hfbq4-3695f85f5efbff78cb7d6c159d4d85cc av-special-heading-h1 custom-color-heading blockquote modern-quote  avia-builder-el-11  el_before_av_hr  avia-builder-el-first  av-inherit-size'><h1 class='av-special-heading-tag '  itemprop=\"headline\"  >A propos<\/h1><div class=\"special-heading-border\"><div class=\"special-heading-inner-border\"><\/div><\/div><\/div><br \/>\n\n<style type=\"text\/css\" data-created_by=\"avia_inline_auto\" id=\"style-css-av-4ed4wk-48a54c4fa4f8927fc7f3f91bf70c8305\">\n#top .hr.av-4ed4wk-48a54c4fa4f8927fc7f3f91bf70c8305{\nmargin-top:30px;\nmargin-bottom:30px;\n}\n.hr.av-4ed4wk-48a54c4fa4f8927fc7f3f91bf70c8305 .hr-inner{\nwidth:50px;\nborder-color:#ffffff;\n}\n<\/style>\n<div  class='hr av-4ed4wk-48a54c4fa4f8927fc7f3f91bf70c8305 hr-custom  avia-builder-el-12  el_after_av_heading  el_before_av_textblock  hr-left hr-icon-no'><span class='hr-inner inner-border-av-border-fat'><span class=\"hr-inner-style\"><\/span><\/span><\/div><br \/>\n\n<style type=\"text\/css\" data-created_by=\"avia_inline_auto\" id=\"style-css-av-49hhlo-b45f412c443034c5861b56f1bc54479c\">\n#top .av_textblock_section.av-49hhlo-b45f412c443034c5861b56f1bc54479c .avia_textblock{\ncolor:#ffffff;\n}\n<\/style>\n<section  class='av_textblock_section av-49hhlo-b45f412c443034c5861b56f1bc54479c '   itemscope=\"itemscope\" itemtype=\"https:\/\/schema.org\/CreativeWork\" ><div class='avia_textblock av_inherit_color'  itemprop=\"text\" ><p class=\"isSelectedEnd\">Je m&rsquo;appelle Aur\u00e9lia et j\u2019ai toujours eu \u00e0 c\u0153ur de prendre soin des autres. Le bien-\u00eatre et l\u2019attention port\u00e9e \u00e0 chacun occupent une place essentielle dans mon parcours et dans ma fa\u00e7on d\u2019accompagner les personnes que je rencontre.<\/p>\n<p class=\"isSelectedEnd\">Depuis quelques mois, je suis form\u00e9e \u00e0 la m\u00e9thode Renata Fran\u00e7a, une technique reconnue qui me permet aujourd\u2019hui de vous offrir une v\u00e9ritable bulle de douceur et de bien-\u00eatre. \u00c0 travers ces soins, mon objectif est de vous accompagner vers un mieux-\u00eatre global, en favorisant la d\u00e9tente, la l\u00e9g\u00e8ret\u00e9 du corps et une am\u00e9lioration de votre sant\u00e9 au quotidien.<\/p>\n<p class=\"isSelectedEnd\">Afin de vous offrir un moment de d\u00e9tente en toute simplicit\u00e9, je me d\u00e9place directement \u00e0 votre domicile. Vous pouvez ainsi profiter pleinement de votre soin dans un environnement familier, sans contrainte de d\u00e9placement, pour une exp\u00e9rience encore plus apaisante.<\/p>\n<p>Chaque s\u00e9ance est un moment privil\u00e9gi\u00e9, pens\u00e9 avec \u00e9coute, bienveillance et professionnalisme, enti\u00e8rement d\u00e9di\u00e9 \u00e0 votre confort et \u00e0 votre bien-\u00eatre.<\/p>\n<\/div><\/section><br \/>\n\n<style type=\"text\/css\" data-created_by=\"avia_inline_auto\" id=\"style-css-av-41kmz0-6c80ff0e962c9a165dc6757e94cc6d85\">\n#top .hr.hr-invisible.av-41kmz0-6c80ff0e962c9a165dc6757e94cc6d85{\nheight:10px;\n}\n<\/style>\n<div  class='hr av-41kmz0-6c80ff0e962c9a165dc6757e94cc6d85 hr-invisible  avia-builder-el-14  el_after_av_textblock  avia-builder-el-last '><span class='hr-inner '><span class=\"hr-inner-style\"><\/span><\/span><\/div><\/p>\n<\/div><\/div>\n<style type=\"text\/css\" data-created_by=\"avia_inline_auto\" id=\"style-css-av-2isqjo-70341fd491ffe8225a566159b67c8809\">\n.flex_cell.av-2isqjo-70341fd491ffe8225a566159b67c8809{\nvertical-align:middle;\nbackground:url(https:\/\/renata-aura.fr\/wp-content\/uploads\/2026\/04\/DSC08485-687x1030.jpg) 100% 50% no-repeat fixed ;\n}\n.responsive #top #wrap_all .flex_cell.av-2isqjo-70341fd491ffe8225a566159b67c8809{\npadding:100px 100px 100px 100px !important;\n}\n<\/style>\n<div class='flex_cell av-2isqjo-70341fd491ffe8225a566159b67c8809 av-gridrow-cell av_one_half no_margin av-hide-on-mobile  avia-builder-el-15  el_after_av_cell_one_half  avia-builder-el-last  content-align-middle avia-full-stretch'  ><div class='flex_cell_inner'><\/div><\/div><\/div><div id='contact'  class='av-layout-grid-container av-2bzosc-67b922fd23db8d12bddec5d2dc6820a6 entry-content-wrapper main_color av-flex-cells  avia-builder-el-16  el_after_av_layout_row  avia-builder-el-last  av-cell-min-height av-cell-min-height-100 grid-row-not-first  container_wrap fullsize'   data-av_minimum_height_pc='100'>\n\n<style type=\"text\/css\" data-created_by=\"avia_inline_auto\" id=\"style-css-av-2ag7vg-e601a8567a68e4cf93344f3ede9b3447\">\n.flex_cell.av-2ag7vg-e601a8567a68e4cf93344f3ede9b3447{\nvertical-align:middle;\nbackground:url(https:\/\/renata-aura.fr\/wp-content\/uploads\/2026\/04\/DSC08596.jpg) 50% 50% no-repeat scroll ;\n}\n.responsive #top #wrap_all .flex_cell.av-2ag7vg-e601a8567a68e4cf93344f3ede9b3447{\npadding:100px 100px 100px 100px !important;\n}\n<\/style>\n<div class='flex_cell av-2ag7vg-e601a8567a68e4cf93344f3ede9b3447 av-gridrow-cell av_one_half no_margin av-hide-on-mobile  avia-builder-el-17  el_before_av_cell_one_half  avia-builder-el-first  content-align-middle avia-full-stretch'  ><div class='flex_cell_inner'><\/div><\/div>\n<style type=\"text\/css\" data-created_by=\"avia_inline_auto\" id=\"style-css-av-21clw4-e77f37cc114cd467ffd11a2d9b6dc85c\">\n.flex_cell.av-21clw4-e77f37cc114cd467ffd11a2d9b6dc85c{\nvertical-align:middle;\nbackground-color:#ecd0c4;\n}\n.responsive #top #wrap_all .flex_cell.av-21clw4-e77f37cc114cd467ffd11a2d9b6dc85c{\npadding:100px 100px 100px 100px !important;\n}\n<\/style>\n<div class='flex_cell av-21clw4-e77f37cc114cd467ffd11a2d9b6dc85c av-gridrow-cell av_one_half no_margin  avia-builder-el-18  el_after_av_cell_one_half  avia-builder-el-last  content-align-middle avia-full-contain'  ><div class='flex_cell_inner'><p>\n<style type=\"text\/css\" data-created_by=\"avia_inline_auto\" id=\"style-css-av-1ydocs-d189cf974a527cc7b8157274b3d48a82\">\n#top .av-special-heading.av-1ydocs-d189cf974a527cc7b8157274b3d48a82{\npadding-bottom:0;\ncolor:#ffffff;\nfont-size:60px;\n}\nbody .av-special-heading.av-1ydocs-d189cf974a527cc7b8157274b3d48a82 .av-special-heading-tag .heading-char{\nfont-size:25px;\n}\n#top #wrap_all .av-special-heading.av-1ydocs-d189cf974a527cc7b8157274b3d48a82 .av-special-heading-tag{\nfont-size:60px;\n}\n.av-special-heading.av-1ydocs-d189cf974a527cc7b8157274b3d48a82 .special-heading-inner-border{\nborder-color:#ffffff;\n}\n.av-special-heading.av-1ydocs-d189cf974a527cc7b8157274b3d48a82 .av-subheading{\nfont-size:15px;\n}\n\n@media only screen and (min-width: 480px) and (max-width: 767px){ \n#top #wrap_all .av-special-heading.av-1ydocs-d189cf974a527cc7b8157274b3d48a82 .av-special-heading-tag{\nfont-size:0.8em;\n}\n}\n\n@media only screen and (max-width: 479px){ \n#top #wrap_all .av-special-heading.av-1ydocs-d189cf974a527cc7b8157274b3d48a82 .av-special-heading-tag{\nfont-size:0.8em;\n}\n}\n<\/style>\n<div  class='av-special-heading av-1ydocs-d189cf974a527cc7b8157274b3d48a82 av-special-heading-h1 custom-color-heading blockquote modern-quote  avia-builder-el-19  el_before_av_hr  avia-builder-el-first  av-inherit-size'><h1 class='av-special-heading-tag '  itemprop=\"headline\"  >Restons en contact<\/h1><div class=\"special-heading-border\"><div class=\"special-heading-inner-border\"><\/div><\/div><\/div><br \/>\n\n<style type=\"text\/css\" data-created_by=\"avia_inline_auto\" id=\"style-css-av-65zoc-d5388298fe2e12bc726881cdb489c9f5\">\n#top .hr.av-65zoc-d5388298fe2e12bc726881cdb489c9f5{\nmargin-top:30px;\nmargin-bottom:30px;\n}\n.hr.av-65zoc-d5388298fe2e12bc726881cdb489c9f5 .hr-inner{\nwidth:50px;\nborder-color:#ffffff;\n}\n<\/style>\n<div  class='hr av-65zoc-d5388298fe2e12bc726881cdb489c9f5 hr-custom  avia-builder-el-20  el_after_av_heading  el_before_av_one_half  hr-left hr-icon-no'><span class='hr-inner inner-border-av-border-fat'><span class=\"hr-inner-style\"><\/span><\/span><\/div><br \/>\n\n<style type=\"text\/css\" data-created_by=\"avia_inline_auto\" id=\"style-css-av-1mfpyk-0f78a4f108e391e44803b99af7e3d1e7\">\n.flex_column.av-1mfpyk-0f78a4f108e391e44803b99af7e3d1e7{\nborder-radius:0px 0px 0px 0px;\npadding:0px 0px 0px 0px;\n}\n<\/style>\n<div  class='flex_column av-1mfpyk-0f78a4f108e391e44803b99af7e3d1e7 av_one_half  avia-builder-el-21  el_after_av_hr  el_before_av_one_half  first flex_column_div av-zero-column-padding  '     ><style type=\"text\/css\" data-created_by=\"avia_inline_auto\" id=\"style-css-av-1dhymk-0558639925d06089e60435da61351680\">\n#top .av_textblock_section.av-1dhymk-0558639925d06089e60435da61351680 .avia_textblock{\ncolor:#ffffff;\n}\n<\/style>\n<section  class='av_textblock_section av-1dhymk-0558639925d06089e60435da61351680 '   itemscope=\"itemscope\" itemtype=\"https:\/\/schema.org\/CreativeWork\" ><div class='avia_textblock av_inherit_color'  itemprop=\"text\" ><h2>Adresse<\/h2>\n<p>en semaine autour de Chalon s\/ Sa\u00f4ne<\/p>\n<p>samedi possibilit\u00e9 \u00e0 Dole \u00e9galement<\/p>\n<h2><\/h2>\n<\/div><\/section><\/div>\n<style type=\"text\/css\" data-created_by=\"avia_inline_auto\" id=\"style-css-av-1arpl8-b3ba256aaba6f5b2ac955376f86eed9a\">\n.flex_column.av-1arpl8-b3ba256aaba6f5b2ac955376f86eed9a{\nborder-radius:0px 0px 0px 0px;\npadding:0px 0px 0px 0px;\n}\n<\/style>\n<div  class='flex_column av-1arpl8-b3ba256aaba6f5b2ac955376f86eed9a av_one_half  avia-builder-el-23  el_after_av_one_half  el_before_av_contact  flex_column_div av-zero-column-padding  '     ><style type=\"text\/css\" data-created_by=\"avia_inline_auto\" id=\"style-css-av-13dwx0-167ffe5d36f149f39ae1ee57bce89067\">\n#top .av_textblock_section.av-13dwx0-167ffe5d36f149f39ae1ee57bce89067 .avia_textblock{\ncolor:#ffffff;\n}\n<\/style>\n<section  class='av_textblock_section av-13dwx0-167ffe5d36f149f39ae1ee57bce89067 '   itemscope=\"itemscope\" itemtype=\"https:\/\/schema.org\/CreativeWork\" ><div class='avia_textblock av_inherit_color'  itemprop=\"text\" ><h2>Horaires d&rsquo;ouverture:<\/h2>\n<p>lundi et mardi : 17:30\u201321:30<\/p>\n<p>mercredi, jeudi et vendredi :\u00a017:00\u201321:30<\/p>\n<p>samedi : 09:00\u201317:00<\/p>\n<h2><\/h2>\n<\/div><\/section><\/div><form action=\"https:\/\/renata-aura.fr\/\" method=\"post\" data-fields-with-error=\"Erreurs trouv\u00e9es dans les champs suivants :\" class=\"avia_ajax_form av-form-labels-hidden   avia-builder-el-25  el_after_av_one_half  avia-builder-el-last  av-custom-form-color av-light-form \" data-avia-form-id=\"1\" data-avia-redirect=''  aria-label='Formulaire de contact' ><fieldset><p class='  first_form  form_element form_fullwidth' id='element_avia_1_1'><label for=\"avia_1_1\">Nom <abbr class=\"required\" title=\"requis(e)\">*<\/abbr><\/label> <input name=\"avia_1_1\" class=\"text_input is_empty\" type=\"text\" id=\"avia_1_1\" value=\"\"  placeholder='Nom*'\/><\/p><p class='  first_form  form_element form_fullwidth' id='element_avia_2_1'><label for=\"avia_2_1\">E-Mail <abbr class=\"required\" title=\"requis(e)\">*<\/abbr><\/label> <input name=\"avia_2_1\" class=\"text_input is_email\" type=\"text\" id=\"avia_2_1\" value=\"\"  placeholder='E-Mail*'\/><\/p><p class='  first_form  form_element form_fullwidth' id='element_avia_3_1'><label for=\"avia_3_1\">Sujet <abbr class=\"required\" title=\"requis(e)\">*<\/abbr><\/label> <input name=\"avia_3_1\" class=\"text_input is_empty\" type=\"text\" id=\"avia_3_1\" value=\"\"  placeholder='Sujet*'\/><\/p><p class='  first_form  form_element form_fullwidth' id='element_avia_4_1'><label for=\"avia_4_1\" class=\"textare_label hidden textare_label_avia_4_1\">Message <abbr class=\"required\" title=\"requis(e)\">*<\/abbr><\/label><textarea  placeholder='Message*' name=\"avia_4_1\" class=\"text_area is_empty\" cols=\"40\" rows=\"7\" id=\"avia_4_1\" ><\/textarea><\/p><p class=\"hidden\"><input type=\"text\" name=\"avia_5_1\" class=\"hidden \" id=\"avia_5_1\" value=\"\" \/><\/p><p class='   form_element form_fullwidth' id='element_avia_6_1'><span class='value_verifier_label'>0 + 2 = ?<\/span><input name=\"avia_6_1_verifier\" type=\"hidden\" id=\"avia_6_1_verifier\" value=\"344356527\"\/><label for=\"avia_6_1\">Merci de prouver que vous \u00eates un humain en donnant le r\u00e9sultat de cette op\u00e9ration <abbr class=\"required\" title=\"requis(e)\">*<\/abbr><\/label><input name=\"avia_6_1\" class=\"text_input captcha\" type=\"text\" id=\"avia_6_1\" value=\"\"\/><\/p><p class=\"form_element \"><input type=\"hidden\" value=\"1\" name=\"avia_generated_form1\" \/><input type=\"submit\" value=\"Envoyer\" class=\"button\"  data-sending-label=\"Envoi\"\/><\/p><\/fieldset><\/form><div id=\"ajaxresponse_1\" class=\"ajaxresponse ajaxresponse_1 hidden\"><\/div><\/p>\n<\/div><\/div><\/div><\/p>\n","protected":false},"excerpt":{"rendered":"","protected":false},"author":1,"featured_media":0,"parent":0,"menu_order":0,"comment_status":"closed","ping_status":"closed","template":"","meta":{"footnotes":""},"class_list":["post-212","page","type-page","status-publish","hentry"],"_links":{"self":[{"href":"https:\/\/renata-aura.fr\/index.php\/wp-json\/wp\/v2\/pages\/212","targetHints":{"allow":["GET"]}}],"collection":[{"href":"https:\/\/renata-aura.fr\/index.php\/wp-json\/wp\/v2\/pages"}],"about":[{"href":"https:\/\/renata-aura.fr\/index.php\/wp-json\/wp\/v2\/types\/page"}],"author":[{"embeddable":true,"href":"https:\/\/renata-aura.fr\/index.php\/wp-json\/wp\/v2\/users\/1"}],"replies":[{"embeddable":true,"href":"https:\/\/renata-aura.fr\/index.php\/wp-json\/wp\/v2\/comments?post=212"}],"version-history":[{"count":12,"href":"https:\/\/renata-aura.fr\/index.php\/wp-json\/wp\/v2\/pages\/212\/revisions"}],"predecessor-version":[{"id":273,"href":"https:\/\/renata-aura.fr\/index.php\/wp-json\/wp\/v2\/pages\/212\/revisions\/273"}],"wp:attachment":[{"href":"https:\/\/renata-aura.fr\/index.php\/wp-json\/wp\/v2\/media?parent=212"}],"curies":[{"name":"wp","href":"https:\/\/api.w.org\/{rel}","templated":true}]}}